{"id":22,"date":"2021-06-17T08:08:55","date_gmt":"2021-06-17T08:08:55","guid":{"rendered":"https:\/\/fantastic.cat\/?page_id=22"},"modified":"2021-07-02T15:02:39","modified_gmt":"2021-07-02T15:02:39","slug":"inici","status":"publish","type":"page","link":"https:\/\/fantastic.cat\/","title":{"rendered":"Inici"},"content":{"rendered":"\n<p><strong>Fantastic <\/strong>\u00e9s una empresa de recent creaci\u00f3, dedicada a la gesti\u00f3 de les extraescolars en centres educatius.<\/p>\n\n\n\n<p>Les activitats que organitza <strong>Fantastic <\/strong>estan pensades per nens i nenes de totes les edats.<\/p>\n\n\n\n<p>Podem trobar activitats m\u00e9s <strong>l\u00fadiques <\/strong>com Expressi\u00f3 Corporal, Aprendre Jugant, Jocs de Taula, Jocs d&#8217;Estrat\u00e8gia, Danses&#8230;<\/p>\n\n\n\n<p>O tamb\u00e9 activitats m\u00e9s <strong>curriculars<\/strong> com Angl\u00e8s, Rob\u00f2tica, Inform\u00e0tica, Ofim\u00e0tica, Mecanografia&#8230;.<\/p>\n\n\n\n<p>I tamb\u00e9 contemplem la realitzaci\u00f3 d&#8217;<strong>activitats esportives<\/strong> com: Tennis Taula, Futbol Sala, Fem Esport pels m\u00e9s petits&#8230;.<\/p>\n\n\n\n<p><strong>L&#8217;objectiu <\/strong>de les activitats es completar la formaci\u00f3 que reben els nois i noies a l&#8217;escola per ajudar-los en la seva formaci\u00f3 integral com a persones i puguin desenvolupar-se amb \u00e8xit en la nostra societat.<\/p>\n","protected":false},"excerpt":{"rendered":"<p>Fantastic \u00e9s una empresa de recent creaci\u00f3, dedicada a la gesti\u00f3 de les extraescolars en centres educatius. Les activitats que[&#8230;]<\/p>\n","protected":false},"author":1,"featured_media":0,"parent":0,"menu_order":0,"comment_status":"closed","ping_status":"closed","template":"","meta":{"footnotes":""},"_links":{"self":[{"href":"https:\/\/fantastic.cat\/index.php\/wp-json\/wp\/v2\/pages\/22"}],"collection":[{"href":"https:\/\/fantastic.cat\/index.php\/wp-json\/wp\/v2\/pages"}],"about":[{"href":"https:\/\/fantastic.cat\/index.php\/wp-json\/wp\/v2\/types\/page"}],"author":[{"embeddable":true,"href":"https:\/\/fantastic.cat\/index.php\/wp-json\/wp\/v2\/users\/1"}],"replies":[{"embeddable":true,"href":"https:\/\/fantastic.cat\/index.php\/wp-json\/wp\/v2\/comments?post=22"}],"version-history":[{"count":2,"href":"https:\/\/fantastic.cat\/index.php\/wp-json\/wp\/v2\/pages\/22\/revisions"}],"predecessor-version":[{"id":59,"href":"https:\/\/fantastic.cat\/index.php\/wp-json\/wp\/v2\/pages\/22\/revisions\/59"}],"wp:attachment":[{"href":"https:\/\/fantastic.cat\/index.php\/wp-json\/wp\/v2\/media?parent=22"}],"curies":[{"name":"wp","href":"https:\/\/api.w.org\/{rel}","templated":true}]}}