{"id":2,"date":"2021-06-06T17:59:29","date_gmt":"2021-06-06T17:59:29","guid":{"rendered":"http:\/\/fantastic.cat\/?page_id=2"},"modified":"2026-01-22T07:20:21","modified_gmt":"2026-01-22T07:20:21","slug":"activitats","status":"publish","type":"page","link":"https:\/\/fantastic.cat\/index.php\/activitats\/","title":{"rendered":"Horaris i Preus"},"content":{"rendered":"\n<p>Per tal que es puguin realitzar les diferents activitats cal que s&#8217;apuntin un m\u00ednim d&#8217;alumnes. Excepte les acollides de mat\u00ed, migdia i tarda.<\/p>\n\n\n\n<p><\/p>\n\n\n\n<p class=\"has-text-color\" style=\"color:#1764e9;font-size:28px\"><strong><strong>Acollides<\/strong><\/strong><\/p>\n\n\n\n<figure class=\"wp-block-image size-full is-resized\"><img loading=\"lazy\" decoding=\"async\" width=\"537\" height=\"562\" src=\"http:\/\/fantastic.cat\/wp-content\/uploads\/2026\/01\/Acollides_2526.png\" alt=\"\" class=\"wp-image-328\" style=\"width:457px;height:auto\" srcset=\"https:\/\/fantastic.cat\/wp-content\/uploads\/2026\/01\/Acollides_2526.png 537w, https:\/\/fantastic.cat\/wp-content\/uploads\/2026\/01\/Acollides_2526-287x300.png 287w\" sizes=\"(max-width: 537px) 100vw, 537px\" \/><\/figure>\n\n\n\n<h2 class=\"wp-block-heading\">Activitats<\/h2>\n\n\n\n<p class=\"has-text-color\" style=\"color:#1764e9;font-size:28px\"><strong>Migdia de 12:30 a 13:30 i Tarda de 16:30 a 17:45.<\/strong><\/p>\n\n\n\n<p>Aquestes activitats estan pensades per poder conciliar els horaris de feina amb els horaris de l&#8217;escola. Per aquest motiu, tenen un preu m\u00e9s econ\u00f2mic que la resta d&#8217;activitats.<\/p>\n\n\n\n<div class=\"wp-block-group\"><div class=\"wp-block-group__inner-container is-layout-flow wp-block-group-is-layout-flow\">\n<p class=\"has-background\" style=\"background-color:#95c4d5\"><strong>Activitats d&#8217;infantil<\/strong><br><strong>Tarda:<\/strong> Multi Esports, Patinatge, Taller de Somnis, Angl\u00e8si Judo.<\/p>\n<\/div><\/div>\n\n\n\n<figure class=\"wp-block-image size-large\"><img loading=\"lazy\" decoding=\"async\" width=\"1024\" height=\"562\" src=\"http:\/\/fantastic.cat\/wp-content\/uploads\/2025\/06\/inafntil-1024x562.png\" alt=\"\" class=\"wp-image-313\" srcset=\"https:\/\/fantastic.cat\/wp-content\/uploads\/2025\/06\/inafntil-1024x562.png 1024w, https:\/\/fantastic.cat\/wp-content\/uploads\/2025\/06\/inafntil-300x165.png 300w, https:\/\/fantastic.cat\/wp-content\/uploads\/2025\/06\/inafntil-768x422.png 768w, https:\/\/fantastic.cat\/wp-content\/uploads\/2025\/06\/inafntil.png 1178w\" sizes=\"(max-width: 1024px) 100vw, 1024px\" \/><\/figure>\n\n\n\n<div class=\"wp-block-group\"><div class=\"wp-block-group__inner-container is-layout-constrained wp-block-group-is-layout-constrained\">\n<p class=\"has-background\" style=\"background-color:#95c4d5\"><strong>Activitats de prim\u00e0ria<\/strong><br><strong>Migdia:<\/strong> El cosidor, Dibuix Manga, Capacitaci\u00f3 tecnol\u00f2gica, Tecniques d&#8217;estudi,, Rob\u00f2tica i Angl\u00e8s.<br><strong>Tarda: <\/strong>Judo, Volei, Patinatge i Hip-Hop<\/p>\n<\/div><\/div>\n\n\n\n<figure class=\"wp-block-image size-full is-resized\"><img loading=\"lazy\" decoding=\"async\" width=\"769\" height=\"877\" src=\"https:\/\/fantastic.cat\/wp-content\/uploads\/2025\/06\/PRIMARIA-1.jpg\" alt=\"\" class=\"wp-image-317\" style=\"width:831px;height:auto\" srcset=\"https:\/\/fantastic.cat\/wp-content\/uploads\/2025\/06\/PRIMARIA-1.jpg 769w, https:\/\/fantastic.cat\/wp-content\/uploads\/2025\/06\/PRIMARIA-1-263x300.jpg 263w\" sizes=\"(max-width: 769px) 100vw, 769px\" \/><\/figure>\n\n\n\n<div class=\"wp-block-columns is-layout-flex wp-container-core-columns-is-layout-1 wp-block-columns-is-layout-flex\"><\/div>\n\n\n\n<p class=\"has-large-font-size\"><strong>DESCARREGA&#8217;T EL TR\u00edPTIC!!<\/strong><\/p>\n\n\n\n<figure class=\"wp-block-image size-full is-resized\"><a href=\"http:\/\/fantastic.cat\/wp-content\/uploads\/2025\/06\/TripticFantasticDef.pdf\"><img loading=\"lazy\" decoding=\"async\" width=\"512\" height=\"512\" src=\"https:\/\/fantastic.cat\/wp-content\/uploads\/2025\/06\/Diseno-sin-titulo.png\" alt=\"\" class=\"wp-image-321\" style=\"width:200px;height:auto\" srcset=\"https:\/\/fantastic.cat\/wp-content\/uploads\/2025\/06\/Diseno-sin-titulo.png 512w, https:\/\/fantastic.cat\/wp-content\/uploads\/2025\/06\/Diseno-sin-titulo-300x300.png 300w, https:\/\/fantastic.cat\/wp-content\/uploads\/2025\/06\/Diseno-sin-titulo-150x150.png 150w\" sizes=\"(max-width: 512px) 100vw, 512px\" \/><\/a><\/figure>\n","protected":false},"excerpt":{"rendered":"<p>Per tal que es puguin realitzar les diferents activitats cal que s&#8217;apuntin un m\u00ednim d&#8217;alumnes. Excepte les acollides de mat\u00ed,[&#8230;]<\/p>\n","protected":false},"author":1,"featured_media":0,"parent":0,"menu_order":0,"comment_status":"closed","ping_status":"open","template":"","meta":{"footnotes":""},"_links":{"self":[{"href":"https:\/\/fantastic.cat\/index.php\/wp-json\/wp\/v2\/pages\/2"}],"collection":[{"href":"https:\/\/fantastic.cat\/index.php\/wp-json\/wp\/v2\/pages"}],"about":[{"href":"https:\/\/fantastic.cat\/index.php\/wp-json\/wp\/v2\/types\/page"}],"author":[{"embeddable":true,"href":"https:\/\/fantastic.cat\/index.php\/wp-json\/wp\/v2\/users\/1"}],"replies":[{"embeddable":true,"href":"https:\/\/fantastic.cat\/index.php\/wp-json\/wp\/v2\/comments?post=2"}],"version-history":[{"count":32,"href":"https:\/\/fantastic.cat\/index.php\/wp-json\/wp\/v2\/pages\/2\/revisions"}],"predecessor-version":[{"id":331,"href":"https:\/\/fantastic.cat\/index.php\/wp-json\/wp\/v2\/pages\/2\/revisions\/331"}],"wp:attachment":[{"href":"https:\/\/fantastic.cat\/index.php\/wp-json\/wp\/v2\/media?parent=2"}],"curies":[{"name":"wp","href":"https:\/\/api.w.org\/{rel}","templated":true}]}}